{"id":18579,"date":"2025-09-18T14:12:46","date_gmt":"2025-09-18T13:12:46","guid":{"rendered":"https:\/\/arkosundshotell.se\/wellness\/"},"modified":"2026-01-29T23:36:43","modified_gmt":"2026-01-29T22:36:43","slug":"wellness","status":"publish","type":"page","link":"https:\/\/arkosundshotell.se\/en\/wellness\/","title":{"rendered":"WELLNESS"},"content":{"rendered":"\n<div class=\"wp-block-cover is-light wpa-page-cover\" style=\"min-height:570px;aspect-ratio:unset;\"><img loading=\"lazy\" decoding=\"async\" width=\"2560\" height=\"1707\" class=\"wp-block-cover__image-background wp-image-10510 size-full\" alt=\"\" src=\"https:\/\/arkosundshotell.se\/wp-content\/uploads\/2025\/09\/spa-pa-arkosunds-hotell-koppla-av-1-scaled.jpg\" style=\"object-position:68% 75%\" data-object-fit=\"cover\" data-object-position=\"68% 75%\" srcset=\"https:\/\/arkosundshotell.se\/wp-content\/uploads\/2025\/09\/spa-pa-arkosunds-hotell-koppla-av-1-scaled.jpg 2560w, https:\/\/arkosundshotell.se\/wp-content\/uploads\/2025\/09\/spa-pa-arkosunds-hotell-koppla-av-1-1280x854.jpg 1280w, https:\/\/arkosundshotell.se\/wp-content\/uploads\/2025\/09\/spa-pa-arkosunds-hotell-koppla-av-1-980x653.jpg 980w, https:\/\/arkosundshotell.se\/wp-content\/uploads\/2025\/09\/spa-pa-arkosunds-hotell-koppla-av-1-480x320.jpg 480w\" sizes=\"(min-width: 0px) and (max-width: 480px) 480px, (min-width: 481px) and (max-width: 980px) 980px, (min-width: 981px) and (max-width: 1280px) 1280px, (min-width: 1281px) 2560px, 100vw\" \/><span aria-hidden=\"true\" class=\"wp-block-cover__background has-background-dim\" style=\"background-color:#96928a\"><\/span><div class=\"wp-block-cover__inner-container is-layout-constrained wp-block-cover-is-layout-constrained\">\n<h1 class=\"wp-block-heading has-text-align-center wpa-pagetitle has-white-color has-text-color has-link-color wp-elements-eb724b5e4e18c700a3aa08f25187b59f\" style=\"font-size:69px\">WELLNESS<\/h1>\n<\/div><\/div>\n\n<div class=\"wp-block-group wpa-mediatext-row is-layout-constrained wp-block-group-is-layout-constrained\">\n<div class=\"wp-block-media-text is-stacked-on-mobile wpa-vertical-mediatext wpa-white\" style=\"grid-template-columns:85% auto\"><figure class=\"wp-block-media-text__media\"><img loading=\"lazy\" decoding=\"async\" width=\"1024\" height=\"682\" src=\"https:\/\/arkosundshotell.se\/wp-content\/uploads\/2025\/09\/244_foto-Juliana-Falldin-1024x682.jpg\" alt=\"\" class=\"wp-image-10191 size-large\" srcset=\"https:\/\/arkosundshotell.se\/wp-content\/uploads\/2025\/09\/244_foto-Juliana-Falldin-980x653.jpg 980w, https:\/\/arkosundshotell.se\/wp-content\/uploads\/2025\/09\/244_foto-Juliana-Falldin-480x320.jpg 480w\" sizes=\"(min-width: 0px) and (max-width: 480px) 480px, (min-width: 481px) and (max-width: 980px) 980px, (min-width: 981px) 1024px, 100vw\" \/><\/figure><div class=\"wp-block-media-text__content\">\n<h3 class=\"wp-block-heading has-text-align-center\"><br\/><strong>WATER WARMTH STILLNESS<\/strong> <\/h3>\n\n\n\n<p class=\"has-text-align-center\">Relax in our newly built Wellness area with bath, sauna, and gym<\/p>\n\n\n\n<p class=\"has-text-align-center\">A place where the calm of the sea meets a warming sauna, still bath, and a gym for the body&#8217;s strength. Perfect for those who want to relax, exercise, or replenish their energy during their stay.<\/p>\n\n\n\n<figure class=\"wp-block-image aligncenter size-full\"><img loading=\"lazy\" decoding=\"async\" width=\"74\" height=\"74\" src=\"https:\/\/arkosundshotell.se\/wp-content\/uploads\/2025\/08\/Arkosund-icon-b.png\" alt=\"Ark&#xF6;sund icon b\" class=\"wp-image-9360\"\/><\/figure>\n<\/div><\/div>\n<\/div>\n\n<div class=\"wp-block-group wpa-mediatext is-layout-constrained wp-block-group-is-layout-constrained\">\n<div class=\"wp-block-group wpa-mediatext-media is-layout-constrained wp-block-group-is-layout-constrained\">\n<figure class=\"wp-block-image size-large\"><img loading=\"lazy\" decoding=\"async\" width=\"682\" height=\"1024\" src=\"https:\/\/arkosundshotell.se\/wp-content\/uploads\/2025\/09\/004_foto-Juliana-Falldin-682x1024.jpg\" alt=\"\" class=\"wp-image-10586\"\/><\/figure>\n\n\n\n<figure class=\"wp-block-image size-large\"><img loading=\"lazy\" decoding=\"async\" width=\"1024\" height=\"682\" src=\"https:\/\/arkosundshotell.se\/wp-content\/uploads\/2025\/09\/003_foto-Juliana-Falldin-1024x682.jpg\" alt=\"\" class=\"wp-image-9932\" srcset=\"https:\/\/arkosundshotell.se\/wp-content\/uploads\/2025\/09\/003_foto-Juliana-Falldin-980x653.jpg 980w, https:\/\/arkosundshotell.se\/wp-content\/uploads\/2025\/09\/003_foto-Juliana-Falldin-480x320.jpg 480w\" sizes=\"(min-width: 0px) and (max-width: 480px) 480px, (min-width: 481px) and (max-width: 980px) 980px, (min-width: 981px) 1024px, 100vw\" \/><\/figure>\n<\/div>\n\n\n\n<div class=\"wp-block-group wpa-mediatext-textual-container is-layout-constrained wp-block-group-is-layout-constrained\">\n<p class=\"has-text-align-center\" style=\"font-size:15px\">Enter our quieter part of the hotel. Here you are met by gurgling water, a warming bath, and a sauna that relaxes both body and mind<\/p>\n\n\n\n<p class=\"has-text-align-center\" style=\"font-size:15px\">REFRESHMENTS AND TREATMENTS CAN BE SPECIALLY ORDERED FROM US<\/p>\n<\/div>\n<\/div>\n\n<div style=\"height:110px\" aria-hidden=\"true\" class=\"wp-block-spacer\"><\/div>\n\n<figure class=\"wp-block-image size-full is-resized\"><img loading=\"lazy\" decoding=\"async\" width=\"2000\" height=\"1333\" src=\"https:\/\/arkosundshotell.se\/wp-content\/uploads\/2025\/09\/wellnessavdelning-arkosunds-hotell-1.jpg\" alt=\"\" class=\"wp-image-10511\" style=\"aspect-ratio:1.7777777777777777;object-fit:cover;width:1246px;height:auto\" srcset=\"https:\/\/arkosundshotell.se\/wp-content\/uploads\/2025\/09\/wellnessavdelning-arkosunds-hotell-1.jpg 2000w, https:\/\/arkosundshotell.se\/wp-content\/uploads\/2025\/09\/wellnessavdelning-arkosunds-hotell-1-1280x853.jpg 1280w, https:\/\/arkosundshotell.se\/wp-content\/uploads\/2025\/09\/wellnessavdelning-arkosunds-hotell-1-980x653.jpg 980w, https:\/\/arkosundshotell.se\/wp-content\/uploads\/2025\/09\/wellnessavdelning-arkosunds-hotell-1-480x320.jpg 480w\" sizes=\"(min-width: 0px) and (max-width: 480px) 480px, (min-width: 481px) and (max-width: 980px) 980px, (min-width: 981px) and (max-width: 1280px) 1280px, (min-width: 1281px) 2000px, 100vw\" \/><\/figure>\n\n<div style=\"height:110px\" aria-hidden=\"true\" class=\"wp-block-spacer\"><\/div>\n\n<div class=\"wp-block-group wpa-newsletter is-layout-constrained wp-block-group-is-layout-constrained\">\n<div class=\"wp-block-group is-layout-constrained wp-block-group-is-layout-constrained\">\n<div class=\"wp-block-group is-layout-constrained wp-block-group-is-layout-constrained\">\n<h2 class=\"wp-block-heading\">Become a part of our family<\/h2>\n\n\n\n<p>Get inspiration and valuable offers from Ark\u00f6sunds Hotell and \u00d6stg\u00f6ta K\u00f6k<\/p>\n<\/div>\n<\/div>\n\n\n\n<div class=\"wp-block-group is-layout-constrained wp-block-group-is-layout-constrained\">\n<div id=\"mc_embed_shell\">\n      <link href=\"\/\/cdn-images.mailchimp.com\/embedcode\/classic-061523.css\" rel=\"stylesheet\" type=\"text\/css\"\/>\n  <style type=\"text\/css\">\n        #mc_embed_signup{background:#fff; false;clear:left; font:14px Helvetica,Arial,sans-serif; width: 600px;}\n<\/style>\n<div id=\"mc_embed_signup\">\n    <form action=\"https:\/\/ostgotakok.us17.list-manage.com\/subscribe\/post?u=6ee6b13ac31363bc2e7157999&#038;id=6adb48764a&#038;f_id=00152ae3f0\" method=\"post\" id=\"mc-embedded-subscribe-form\" name=\"mc-embedded-subscribe-form\" class=\"validate\" target=\"_blank\">\n        <div id=\"mc_embed_signup_scroll\"><h2><\/h2>\n            <div class=\"indicates-required\"><span class=\"asterisk\">*<\/span> required<\/div>\n            <div class=\"mc-field-group\"><label for=\"mce-EMAIL\">Enter email address <span class=\"asterisk\">*<\/span><\/label><input type=\"email\" name=\"EMAIL\" class=\"required email\" id=\"mce-EMAIL\" required=\"\" value=\"\"\/><span id=\"mce-EMAIL-HELPERTEXT\" class=\"helper_text\">Your email address<\/span><\/div>\n        <div id=\"mce-responses\" class=\"clear\">\n            <div class=\"response\" id=\"mce-error-response\" style=\"display: none;\"><\/div>\n            <div class=\"response\" id=\"mce-success-response\" style=\"display: none;\"><\/div>\n        <\/div><div style=\"position: absolute; left: -5000px;\" aria-hidden=\"true\"><input type=\"text\" name=\"b_6ee6b13ac31363bc2e7157999_6adb48764a\" tabindex=\"-1\" value=\"\"\/><\/div><div class=\"clear\"><input type=\"submit\" name=\"subscribe\" id=\"mc-embedded-subscribe\" class=\"button\" value=\"Yes, please!\"\/><\/div><div>By clicking &#8220;Yes, please&#8221;, you agree to us sending you marketing information. <br\/>You can opt out of receiving our mailings at any time.<\/div>\n    <\/div>\n<\/form>\n<\/div>\n<script type=\"text\/javascript\" src=\"\/\/s3.amazonaws.com\/downloads.mailchimp.com\/js\/mc-validate.js\"><\/script><script type=\"text\/javascript\">(function($) {window.fnames = new Array(); window.ftypes = new Array();fnames[0]='EMAIL';ftypes[0]='email';}(jQuery));var $mcj = jQuery.noConflict(true);<\/script><\/div>\n<\/div>\n<\/div>\n\n\r\n<p><style type=\"text\/css\">\r\nbody.page { background-color: #ebefdf; } \r\n<\/style><\/p>\r\n","protected":false},"excerpt":{"rendered":"<p>WATER WARMTH STILLNESS Relax in our newly built Wellness area with bath, sauna, and gym A place where the calm of the sea meets a warming sauna, still bath, and a gym for the body&#8217;s strength. Perfect for those who want to relax, exercise, or replenish their energy during their stay. Enter our quieter part [&hellip;]<\/p>\n","protected":false},"author":5,"featured_media":0,"parent":0,"menu_order":0,"comment_status":"closed","ping_status":"closed","template":"","meta":{"_acf_changed":false,"_et_pb_use_builder":"","_et_pb_old_content":"","_et_gb_content_width":"","footnotes":""},"class_list":["post-18579","page","type-page","status-publish","hentry"],"acf":[],"yoast_head":"<!-- This site is optimized with the Yoast SEO plugin v27.4 - https:\/\/yoast.com\/product\/yoast-seo-wordpress\/ -->\n<title>WELLNESS - Ark\u00f6sunds Hotell<\/title>\n<meta name=\"description\" content=\"Relaxing spa area with bath, sauna, and gym. Come as you are, leave as yourself. Sun veranda. Drinks and snacks.\" \/>\n<meta name=\"robots\" content=\"index, follow, max-snippet:-1, max-image-preview:large, max-video-preview:-1\" \/>\n<link rel=\"canonical\" href=\"https:\/\/arkosundshotell.se\/en\/wellness\/\" \/>\n<meta property=\"og:locale\" content=\"en_US\" \/>\n<meta property=\"og:type\" content=\"article\" \/>\n<meta property=\"og:title\" content=\"WELLNESS - Ark\u00f6sunds Hotell\" \/>\n<meta property=\"og:description\" content=\"Relaxing spa area with bath, sauna, and gym. Come as you are, leave as yourself. Sun veranda. Drinks and snacks.\" \/>\n<meta property=\"og:url\" content=\"https:\/\/arkosundshotell.se\/en\/wellness\/\" \/>\n<meta property=\"og:site_name\" content=\"Ark\u00f6sunds Hotell\" \/>\n<meta property=\"article:publisher\" content=\"https:\/\/www.facebook.com\/ostgotakoklinkoping\" \/>\n<meta property=\"article:modified_time\" content=\"2026-01-29T22:36:43+00:00\" \/>\n<meta property=\"og:image\" content=\"https:\/\/arkosundshotell.se\/wp-content\/uploads\/2025\/09\/spa-pa-arkosunds-hotell-koppla-av-1-scaled.jpg\" \/>\n\t<meta property=\"og:image:width\" content=\"2560\" \/>\n\t<meta property=\"og:image:height\" content=\"1707\" \/>\n\t<meta property=\"og:image:type\" content=\"image\/jpeg\" \/>\n<meta name=\"twitter:card\" content=\"summary_large_image\" \/>\n<meta name=\"twitter:label1\" content=\"Est. reading time\" \/>\n\t<meta name=\"twitter:data1\" content=\"1 minute\" \/>\n<script type=\"application\/ld+json\" class=\"yoast-schema-graph\">{\"@context\":\"https:\\\/\\\/schema.org\",\"@graph\":[{\"@type\":\"WebPage\",\"@id\":\"https:\\\/\\\/arkosundshotell.se\\\/en\\\/wellness\\\/\",\"url\":\"https:\\\/\\\/arkosundshotell.se\\\/en\\\/wellness\\\/\",\"name\":\"WELLNESS - Ark\u00f6sunds Hotell\",\"isPartOf\":{\"@id\":\"https:\\\/\\\/arkosundshotell.se\\\/en\\\/#website\"},\"primaryImageOfPage\":{\"@id\":\"https:\\\/\\\/arkosundshotell.se\\\/en\\\/wellness\\\/#primaryimage\"},\"image\":{\"@id\":\"https:\\\/\\\/arkosundshotell.se\\\/en\\\/wellness\\\/#primaryimage\"},\"thumbnailUrl\":\"https:\\\/\\\/arkosundshotell.se\\\/wp-content\\\/uploads\\\/2025\\\/09\\\/spa-pa-arkosunds-hotell-koppla-av-1-scaled.jpg\",\"datePublished\":\"2025-09-18T13:12:46+00:00\",\"dateModified\":\"2026-01-29T22:36:43+00:00\",\"description\":\"Relaxing spa area with bath, sauna, and gym. Come as you are, leave as yourself. Sun veranda. Drinks and snacks.\",\"breadcrumb\":{\"@id\":\"https:\\\/\\\/arkosundshotell.se\\\/en\\\/wellness\\\/#breadcrumb\"},\"inLanguage\":\"en-US\",\"potentialAction\":[{\"@type\":\"ReadAction\",\"target\":[\"https:\\\/\\\/arkosundshotell.se\\\/en\\\/wellness\\\/\"]}]},{\"@type\":\"ImageObject\",\"inLanguage\":\"en-US\",\"@id\":\"https:\\\/\\\/arkosundshotell.se\\\/en\\\/wellness\\\/#primaryimage\",\"url\":\"https:\\\/\\\/arkosundshotell.se\\\/wp-content\\\/uploads\\\/2025\\\/09\\\/spa-pa-arkosunds-hotell-koppla-av-1-scaled.jpg\",\"contentUrl\":\"https:\\\/\\\/arkosundshotell.se\\\/wp-content\\\/uploads\\\/2025\\\/09\\\/spa-pa-arkosunds-hotell-koppla-av-1-scaled.jpg\"},{\"@type\":\"BreadcrumbList\",\"@id\":\"https:\\\/\\\/arkosundshotell.se\\\/en\\\/wellness\\\/#breadcrumb\",\"itemListElement\":[{\"@type\":\"ListItem\",\"position\":1,\"name\":\"Hem\",\"item\":\"https:\\\/\\\/arkosundshotell.se\\\/en\\\/\"},{\"@type\":\"ListItem\",\"position\":2,\"name\":\"WELLNESS\"}]},{\"@type\":\"WebSite\",\"@id\":\"https:\\\/\\\/arkosundshotell.se\\\/en\\\/#website\",\"url\":\"https:\\\/\\\/arkosundshotell.se\\\/en\\\/\",\"name\":\"Ark\u00f6sunds Hotell\",\"description\":\"En plats d\u00e4r m\u00f6ten blir minnen, firande f\u00e5r f\u00e4ste och varje stund r\u00e4knas\",\"potentialAction\":[{\"@type\":\"SearchAction\",\"target\":{\"@type\":\"EntryPoint\",\"urlTemplate\":\"https:\\\/\\\/arkosundshotell.se\\\/en\\\/?s={search_term_string}\"},\"query-input\":{\"@type\":\"PropertyValueSpecification\",\"valueRequired\":true,\"valueName\":\"search_term_string\"}}],\"inLanguage\":\"en-US\"}]}<\/script>\n<!-- \/ Yoast SEO plugin. -->","yoast_head_json":{"title":"WELLNESS - Ark\u00f6sunds Hotell","description":"Relaxing spa area with bath, sauna, and gym. Come as you are, leave as yourself. Sun veranda. Drinks and snacks.","robots":{"index":"index","follow":"follow","max-snippet":"max-snippet:-1","max-image-preview":"max-image-preview:large","max-video-preview":"max-video-preview:-1"},"canonical":"https:\/\/arkosundshotell.se\/en\/wellness\/","og_locale":"en_US","og_type":"article","og_title":"WELLNESS - Ark\u00f6sunds Hotell","og_description":"Relaxing spa area with bath, sauna, and gym. Come as you are, leave as yourself. Sun veranda. Drinks and snacks.","og_url":"https:\/\/arkosundshotell.se\/en\/wellness\/","og_site_name":"Ark\u00f6sunds Hotell","article_publisher":"https:\/\/www.facebook.com\/ostgotakoklinkoping","article_modified_time":"2026-01-29T22:36:43+00:00","og_image":[{"width":2560,"height":1707,"url":"https:\/\/arkosundshotell.se\/wp-content\/uploads\/2025\/09\/spa-pa-arkosunds-hotell-koppla-av-1-scaled.jpg","type":"image\/jpeg"}],"twitter_card":"summary_large_image","twitter_misc":{"Est. reading time":"1 minute"},"schema":{"@context":"https:\/\/schema.org","@graph":[{"@type":"WebPage","@id":"https:\/\/arkosundshotell.se\/en\/wellness\/","url":"https:\/\/arkosundshotell.se\/en\/wellness\/","name":"WELLNESS - Ark\u00f6sunds Hotell","isPartOf":{"@id":"https:\/\/arkosundshotell.se\/en\/#website"},"primaryImageOfPage":{"@id":"https:\/\/arkosundshotell.se\/en\/wellness\/#primaryimage"},"image":{"@id":"https:\/\/arkosundshotell.se\/en\/wellness\/#primaryimage"},"thumbnailUrl":"https:\/\/arkosundshotell.se\/wp-content\/uploads\/2025\/09\/spa-pa-arkosunds-hotell-koppla-av-1-scaled.jpg","datePublished":"2025-09-18T13:12:46+00:00","dateModified":"2026-01-29T22:36:43+00:00","description":"Relaxing spa area with bath, sauna, and gym. Come as you are, leave as yourself. Sun veranda. Drinks and snacks.","breadcrumb":{"@id":"https:\/\/arkosundshotell.se\/en\/wellness\/#breadcrumb"},"inLanguage":"en-US","potentialAction":[{"@type":"ReadAction","target":["https:\/\/arkosundshotell.se\/en\/wellness\/"]}]},{"@type":"ImageObject","inLanguage":"en-US","@id":"https:\/\/arkosundshotell.se\/en\/wellness\/#primaryimage","url":"https:\/\/arkosundshotell.se\/wp-content\/uploads\/2025\/09\/spa-pa-arkosunds-hotell-koppla-av-1-scaled.jpg","contentUrl":"https:\/\/arkosundshotell.se\/wp-content\/uploads\/2025\/09\/spa-pa-arkosunds-hotell-koppla-av-1-scaled.jpg"},{"@type":"BreadcrumbList","@id":"https:\/\/arkosundshotell.se\/en\/wellness\/#breadcrumb","itemListElement":[{"@type":"ListItem","position":1,"name":"Hem","item":"https:\/\/arkosundshotell.se\/en\/"},{"@type":"ListItem","position":2,"name":"WELLNESS"}]},{"@type":"WebSite","@id":"https:\/\/arkosundshotell.se\/en\/#website","url":"https:\/\/arkosundshotell.se\/en\/","name":"Ark\u00f6sunds Hotell","description":"En plats d\u00e4r m\u00f6ten blir minnen, firande f\u00e5r f\u00e4ste och varje stund r\u00e4knas","potentialAction":[{"@type":"SearchAction","target":{"@type":"EntryPoint","urlTemplate":"https:\/\/arkosundshotell.se\/en\/?s={search_term_string}"},"query-input":{"@type":"PropertyValueSpecification","valueRequired":true,"valueName":"search_term_string"}}],"inLanguage":"en-US"}]}},"_links":{"self":[{"href":"https:\/\/arkosundshotell.se\/en\/wp-json\/wp\/v2\/pages\/18579","targetHints":{"allow":["GET"]}}],"collection":[{"href":"https:\/\/arkosundshotell.se\/en\/wp-json\/wp\/v2\/pages"}],"about":[{"href":"https:\/\/arkosundshotell.se\/en\/wp-json\/wp\/v2\/types\/page"}],"author":[{"embeddable":true,"href":"https:\/\/arkosundshotell.se\/en\/wp-json\/wp\/v2\/users\/5"}],"replies":[{"embeddable":true,"href":"https:\/\/arkosundshotell.se\/en\/wp-json\/wp\/v2\/comments?post=18579"}],"version-history":[{"count":1,"href":"https:\/\/arkosundshotell.se\/en\/wp-json\/wp\/v2\/pages\/18579\/revisions"}],"predecessor-version":[{"id":18580,"href":"https:\/\/arkosundshotell.se\/en\/wp-json\/wp\/v2\/pages\/18579\/revisions\/18580"}],"wp:attachment":[{"href":"https:\/\/arkosundshotell.se\/en\/wp-json\/wp\/v2\/media?parent=18579"}],"curies":[{"name":"wp","href":"https:\/\/api.w.org\/{rel}","templated":true}]}}