{"id":18586,"date":"2025-09-17T07:56:57","date_gmt":"2025-09-17T06:56:57","guid":{"rendered":"https:\/\/arkosundshotell.se\/conferences-and-events\/"},"modified":"2026-01-30T17:20:06","modified_gmt":"2026-01-30T16:20:06","slug":"conferences-and-events","status":"publish","type":"page","link":"https:\/\/arkosundshotell.se\/en\/conferences-and-events\/","title":{"rendered":"CONFERENCES AND EVENTS"},"content":{"rendered":"\n<div class=\"wp-block-cover is-light wpa-page-cover\"><img loading=\"lazy\" decoding=\"async\" width=\"1500\" height=\"1000\" class=\"wp-block-cover__image-background wp-image-10710 size-full\" alt=\"\" src=\"https:\/\/arkosundshotell.se\/wp-content\/uploads\/2025\/09\/langbord-stora-sallskap-arkosunds-hotell-1.jpg\" data-object-fit=\"cover\" srcset=\"https:\/\/arkosundshotell.se\/wp-content\/uploads\/2025\/09\/langbord-stora-sallskap-arkosunds-hotell-1.jpg 1500w, https:\/\/arkosundshotell.se\/wp-content\/uploads\/2025\/09\/langbord-stora-sallskap-arkosunds-hotell-1-1280x853.jpg 1280w, https:\/\/arkosundshotell.se\/wp-content\/uploads\/2025\/09\/langbord-stora-sallskap-arkosunds-hotell-1-980x653.jpg 980w, https:\/\/arkosundshotell.se\/wp-content\/uploads\/2025\/09\/langbord-stora-sallskap-arkosunds-hotell-1-480x320.jpg 480w\" sizes=\"(min-width: 0px) and (max-width: 480px) 480px, (min-width: 481px) and (max-width: 980px) 980px, (min-width: 981px) and (max-width: 1280px) 1280px, (min-width: 1281px) 1500px, 100vw\" \/><span aria-hidden=\"true\" class=\"wp-block-cover__background has-background-dim\" style=\"background-color:#a3a48f\"><\/span><div class=\"wp-block-cover__inner-container is-layout-constrained wp-block-cover-is-layout-constrained\">\n<p class=\"has-text-align-center has-large-font-size\"><\/p>\n<\/div><\/div>\n\n\n\n<div class=\"wp-block-group wpa-mediatext-row is-layout-constrained wp-block-group-is-layout-constrained\">\n<div class=\"wp-block-media-text is-stacked-on-mobile wpa-vertical-mediatext wpa-green\"><figure class=\"wp-block-media-text__media\"><img loading=\"lazy\" decoding=\"async\" width=\"1024\" height=\"683\" src=\"https:\/\/arkosundshotell.se\/wp-content\/uploads\/2025\/09\/048_250912_foto-Juliana-Falldin-1024x683.jpg\" alt=\"\" class=\"wp-image-9976 size-large\" srcset=\"https:\/\/arkosundshotell.se\/wp-content\/uploads\/2025\/09\/048_250912_foto-Juliana-Falldin-980x653.jpg 980w, https:\/\/arkosundshotell.se\/wp-content\/uploads\/2025\/09\/048_250912_foto-Juliana-Falldin-480x320.jpg 480w\" sizes=\"(min-width: 0px) and (max-width: 480px) 480px, (min-width: 481px) and (max-width: 980px) 980px, (min-width: 981px) 1024px, 100vw\" \/><\/figure><div class=\"wp-block-media-text__content\">\n<h3 class=\"wp-block-heading has-text-align-center\"><br>An exclusive venue for inspiring meetings<\/h3>\n\n\n\n<p class=\"has-text-align-left\">Welcome to restful and creative days in the beautiful archipelago of \u00d6sterg\u00f6tland. <strong>Conferences and meetings<\/strong>.<br>The tranquility of Ark\u00f6sund allows you and your colleagues to focus on the task at hand. We&#8217;ll take care of the rest. With us, you can have a safe and secure experience, with the option of having the entire hotel exclusively booked for your conference.  <\/p>\n\n\n\n<figure class=\"wp-block-image aligncenter size-full\"><img loading=\"lazy\" decoding=\"async\" width=\"74\" height=\"74\" src=\"https:\/\/arkosundshotell.se\/wp-content\/uploads\/2025\/08\/Arkosund-icon-b.png\" alt=\"Ark\u00f6sund icon b\" class=\"wp-image-9360\"\/><\/figure>\n\n\n\n<div class=\"wp-block-buttons is-content-justification-center is-layout-flex wp-container-core-buttons-is-layout-16018d1d wp-block-buttons-is-layout-flex\">\n<div class=\"wp-block-button\"><a class=\"wp-block-button__link wp-element-button\" href=\"mailto:info@arkosundshotell.se\">request a quote<\/a><\/div>\n<\/div>\n<\/div><\/div>\n\n\n\n<div class=\"wp-block-media-text is-stacked-on-mobile wpa-vertical-mediatext wpa-white\"><figure class=\"wp-block-media-text__media\"><img loading=\"lazy\" decoding=\"async\" width=\"1024\" height=\"683\" src=\"https:\/\/arkosundshotell.se\/wp-content\/uploads\/2025\/09\/fest-och-firande-1-1024x683.jpg\" alt=\"\" class=\"wp-image-10712 size-large\" srcset=\"https:\/\/arkosundshotell.se\/wp-content\/uploads\/2025\/09\/fest-och-firande-1-980x653.jpg 980w, https:\/\/arkosundshotell.se\/wp-content\/uploads\/2025\/09\/fest-och-firande-1-480x320.jpg 480w\" sizes=\"(min-width: 0px) and (max-width: 480px) 480px, (min-width: 481px) and (max-width: 980px) 980px, (min-width: 981px) 1024px, 100vw\" \/><\/figure><div class=\"wp-block-media-text__content\">\n<h3 class=\"wp-block-heading has-text-align-center\">Every moment counts<\/h3>\n\n\n\n<p class=\"has-text-align-left\">We create memorable <strong>parties and weddings<\/strong> with the sea as a backdrop and a personal touch as our hallmark. Whether you dream of a grand wedding, an intimate dinner, or a joyous celebration, we take care of the details so you can enjoy the moment. <\/p>\n\n\n\n<figure class=\"wp-block-image aligncenter size-full\"><img loading=\"lazy\" decoding=\"async\" width=\"74\" height=\"74\" src=\"https:\/\/arkosundshotell.se\/wp-content\/uploads\/2025\/08\/Arkosund-icon-w.png\" alt=\"Ark\u00f6sund icon w\" class=\"wp-image-9359\"\/><\/figure>\n\n\n\n<div class=\"wp-block-buttons is-content-justification-center is-layout-flex wp-container-core-buttons-is-layout-16018d1d wp-block-buttons-is-layout-flex\">\n<div class=\"wp-block-button\"><a class=\"wp-block-button__link wp-element-button\" href=\"https:\/\/arkosundshotell.se\/en\/contact-us\/\">contact us<\/a><\/div>\n<\/div>\n<\/div><\/div>\n<\/div>\n\n\n\n<div class=\"wp-block-group wpa-simpletexts-row is-layout-constrained wp-block-group-is-layout-constrained\">\n<h2 class=\"wp-block-heading has-text-align-center\">For large and small parties<\/h2>\n\n\n\n<p class=\"has-text-align-center wpa-fancy\">With us, every moment counts &#8211; whether you come to work, celebrate, or just unwind. We believe in the power of the personal touch, in the details, in experiences that linger. <\/p>\n<\/div>\n\n\n\n<div class=\"wp-block-group wpa-text-and is-layout-constrained wp-block-group-is-layout-constrained\">\n<p class=\"has-text-align-center has-medium-font-size\" style=\"font-style:normal;font-weight:100\"><strong>Let us put together an unforgettable experience for you<\/strong><\/p>\n\n\n\n<div class=\"wp-block-group wpa-linkboxes-container is-layout-constrained wp-block-group-is-layout-constrained\"><\/div>\n<\/div>\n\n\n\n<div style=\"height:130px\" aria-hidden=\"true\" class=\"wp-block-spacer\"><\/div>\n\n\n\n<div class=\"wp-block-group wpa-mediatext wpa-reverse is-content-justification-center is-layout-constrained wp-block-group-is-layout-constrained\">\n<div class=\"wp-block-group wpa-mediatext-media is-layout-constrained wp-block-group-is-layout-constrained\">\n<figure class=\"wp-block-image size-large\"><img loading=\"lazy\" decoding=\"async\" width=\"683\" height=\"1024\" src=\"https:\/\/arkosundshotell.se\/wp-content\/uploads\/2025\/09\/041_250912_foto-Juliana-Falldin-683x1024.jpg\" alt=\"\" class=\"wp-image-10112\"\/><\/figure>\n\n\n\n<figure class=\"wp-block-image size-large\"><img loading=\"lazy\" decoding=\"async\" width=\"1024\" height=\"683\" src=\"https:\/\/arkosundshotell.se\/wp-content\/uploads\/2025\/09\/010_250912_foto-Juliana-Falldin-1-1024x683.jpg\" alt=\"\" class=\"wp-image-10096\" srcset=\"https:\/\/arkosundshotell.se\/wp-content\/uploads\/2025\/09\/010_250912_foto-Juliana-Falldin-1-980x653.jpg 980w, https:\/\/arkosundshotell.se\/wp-content\/uploads\/2025\/09\/010_250912_foto-Juliana-Falldin-1-480x320.jpg 480w\" sizes=\"(min-width: 0px) and (max-width: 480px) 480px, (min-width: 481px) and (max-width: 980px) 980px, (min-width: 981px) 1024px, 100vw\" \/><\/figure>\n<\/div>\n\n\n\n<div class=\"wp-block-group wpa-mediatext-textual-container is-layout-constrained wp-block-group-is-layout-constrained\">\n<ul class=\"wp-block-list\">\n<li class=\"has-small-font-size\"><strong>AIRY CONFERENCE ROOMS<\/strong><\/li>\n\n\n\n<li>28 rooms and suites<\/li>\n\n\n\n<li>wellness area<\/li>\n\n\n\n<li>terrace overlooking the sea<\/li>\n\n\n\n<li>restaurant for large and small parties<\/li>\n\n\n\n<li>modern conference rooms<\/li>\n\n\n\n<li>chambre separ\u00e9e for private dinners<\/li>\n\n\n\n<li>large social areas with a homey feel<\/li>\n<\/ul>\n\n\n\n<div class=\"wp-block-buttons is-layout-flex wp-block-buttons-is-layout-flex\">\n<div class=\"wp-block-button\"><a class=\"wp-block-button__link wp-element-button\" href=\"https:\/\/arkosundshotell.se\/boka-rum\/\">Book a room<\/a><\/div>\n<\/div>\n<\/div>\n<\/div>\n\n\n\n<div class=\"wp-block-group wpa-fancy-banner is-layout-constrained wp-block-group-is-layout-constrained\">\n<figure class=\"wp-block-image size-full\"><img loading=\"lazy\" decoding=\"async\" width=\"2560\" height=\"1707\" src=\"https:\/\/arkosundshotell.se\/wp-content\/uploads\/2025\/09\/195_foto-Juliana-Falldin-scaled.jpg\" alt=\"\" class=\"wp-image-10207\" style=\"aspect-ratio:16\/9;object-fit:cover\" srcset=\"https:\/\/arkosundshotell.se\/wp-content\/uploads\/2025\/09\/195_foto-Juliana-Falldin-scaled.jpg 2560w, https:\/\/arkosundshotell.se\/wp-content\/uploads\/2025\/09\/195_foto-Juliana-Falldin-1280x854.jpg 1280w, https:\/\/arkosundshotell.se\/wp-content\/uploads\/2025\/09\/195_foto-Juliana-Falldin-980x653.jpg 980w, https:\/\/arkosundshotell.se\/wp-content\/uploads\/2025\/09\/195_foto-Juliana-Falldin-480x320.jpg 480w\" sizes=\"(min-width: 0px) and (max-width: 480px) 480px, (min-width: 481px) and (max-width: 980px) 980px, (min-width: 981px) and (max-width: 1280px) 1280px, (min-width: 1281px) 2560px, 100vw\" \/><\/figure>\n\n\n\n<div class=\"wp-block-group wpa-fancy-banner-content is-layout-constrained wp-block-group-is-layout-constrained\">\n<div class=\"wp-block-group wpa-fancy-banner-headline is-layout-constrained wp-block-group-is-layout-constrained\"><\/div>\n\n\n\n<p class=\"has-text-align-center\"><strong>Our newly built sun veranda. Enjoy the first rays of sunshine and the last light of the evening <\/strong><\/p>\n<\/div>\n<\/div>\n\n\n\n<div style=\"height:110px\" aria-hidden=\"true\" class=\"wp-block-spacer\"><\/div>\n\n\n\n<div class=\"wp-block-group wpa-mediatext wpa-reverse is-layout-constrained wp-block-group-is-layout-constrained\">\n<div class=\"wp-block-group wpa-mediatext-media is-layout-constrained wp-block-group-is-layout-constrained\">\n<figure class=\"wp-block-image size-large\"><img loading=\"lazy\" decoding=\"async\" width=\"1024\" height=\"682\" src=\"https:\/\/arkosundshotell.se\/wp-content\/uploads\/2025\/09\/412_foto-Juliana-Falldin-1-1024x682.jpg\" alt=\"\" class=\"wp-image-10100\" srcset=\"https:\/\/arkosundshotell.se\/wp-content\/uploads\/2025\/09\/412_foto-Juliana-Falldin-1-980x653.jpg 980w, https:\/\/arkosundshotell.se\/wp-content\/uploads\/2025\/09\/412_foto-Juliana-Falldin-1-480x320.jpg 480w\" sizes=\"(min-width: 0px) and (max-width: 480px) 480px, (min-width: 481px) and (max-width: 980px) 980px, (min-width: 981px) 1024px, 100vw\" \/><\/figure>\n\n\n\n<figure class=\"wp-block-image size-large\"><img loading=\"lazy\" decoding=\"async\" width=\"1024\" height=\"683\" src=\"https:\/\/arkosundshotell.se\/wp-content\/uploads\/2025\/09\/492_foto-Juliana-Falldin-1024x683.jpg\" alt=\"\" class=\"wp-image-10202\" srcset=\"https:\/\/arkosundshotell.se\/wp-content\/uploads\/2025\/09\/492_foto-Juliana-Falldin-980x653.jpg 980w, https:\/\/arkosundshotell.se\/wp-content\/uploads\/2025\/09\/492_foto-Juliana-Falldin-480x320.jpg 480w\" sizes=\"(min-width: 0px) and (max-width: 480px) 480px, (min-width: 481px) and (max-width: 980px) 980px, (min-width: 981px) 1024px, 100vw\" \/><\/figure>\n<\/div>\n\n\n\n<div class=\"wp-block-group wpa-mediatext-textual-container is-layout-constrained wp-block-group-is-layout-constrained\">\n<h2 class=\"wp-block-heading has-text-align-center has-medium-font-size\">Let your big day be unforgettable at <br>Ark\u00f6sunds Hotell<\/h2>\n\n\n\n<p class=\"has-text-align-center has-small-font-size\">With the sea as a backdrop, the tranquility of the archipelago, and a festive environment that exudes both elegance and warmth, we create the framework for your wedding, party, and event.<\/p>\n<\/div>\n\n\n\n<p><\/p>\n<\/div>\n\n\n\n<div style=\"height:119px\" aria-hidden=\"true\" class=\"wp-block-spacer\"><\/div>\n\n\n\n<div class=\"wp-block-group wpa-newsletter is-layout-constrained wp-block-group-is-layout-constrained\">\n<div class=\"wp-block-group is-layout-constrained wp-block-group-is-layout-constrained\">\n<div class=\"wp-block-group is-layout-constrained wp-block-group-is-layout-constrained\">\n<h2 class=\"wp-block-heading\">Become a part of our family<\/h2>\n\n\n\n<p>Get inspiration and valuable offers from Ark\u00f6sunds Hotell and \u00d6stg\u00f6ta K\u00f6k<\/p>\n<\/div>\n<\/div>\n\n\n\n<div class=\"wp-block-group is-layout-constrained wp-block-group-is-layout-constrained\">\n<div id=\"mc_embed_shell\">\n      <link href=\"\/\/cdn-images.mailchimp.com\/embedcode\/classic-061523.css\" rel=\"stylesheet\" type=\"text\/css\"\/>\n  <style type=\"text\/css\">\n        #mc_embed_signup{background:#fff; false;clear:left; font:14px Helvetica,Arial,sans-serif; width: 600px;}\n<\/style>\n<div id=\"mc_embed_signup\">\n    <form action=\"https:\/\/ostgotakok.us17.list-manage.com\/subscribe\/post?u=6ee6b13ac31363bc2e7157999&#038;id=6adb48764a&#038;f_id=00152ae3f0\" method=\"post\" id=\"mc-embedded-subscribe-form\" name=\"mc-embedded-subscribe-form\" class=\"validate\" target=\"_blank\">\n        <div id=\"mc_embed_signup_scroll\"><h2><\/h2>\n            <div class=\"indicates-required\"><span class=\"asterisk\">*<\/span> required<\/div>\n            <div class=\"mc-field-group\"><label for=\"mce-EMAIL\">Enter email address <span class=\"asterisk\">*<\/span><\/label><input type=\"email\" name=\"EMAIL\" class=\"required email\" id=\"mce-EMAIL\" required=\"\" value=\"\"\/><span id=\"mce-EMAIL-HELPERTEXT\" class=\"helper_text\">Your email address<\/span><\/div>\n        <div id=\"mce-responses\" class=\"clear\">\n            <div class=\"response\" id=\"mce-error-response\" style=\"display: none;\"><\/div>\n            <div class=\"response\" id=\"mce-success-response\" style=\"display: none;\"><\/div>\n        <\/div><div style=\"position: absolute; left: -5000px;\" aria-hidden=\"true\"><input type=\"text\" name=\"b_6ee6b13ac31363bc2e7157999_6adb48764a\" tabindex=\"-1\" value=\"\"\/><\/div><div class=\"clear\"><input type=\"submit\" name=\"subscribe\" id=\"mc-embedded-subscribe\" class=\"button\" value=\"Yes, please!\"\/><\/div><div>By clicking &#8220;Yes, please&#8221;, you agree to us sending you marketing information. <br\/>You can opt out of receiving our mailings at any time.<\/div>\n    <\/div>\n<\/form>\n<\/div>\n<script type=\"text\/javascript\" src=\"\/\/s3.amazonaws.com\/downloads.mailchimp.com\/js\/mc-validate.js\"><\/script><script type=\"text\/javascript\">(function($) {window.fnames = new Array(); window.ftypes = new Array();fnames[0]='EMAIL';ftypes[0]='email';}(jQuery));var $mcj = jQuery.noConflict(true);<\/script><\/div>\n<\/div>\n<\/div>\n\n\n\n<p><style type=\"text\/css\">\r\nbody.page { background-color: #ebefdf; } \r\n<\/style><\/p>\n","protected":false},"excerpt":{"rendered":"<p>An exclusive venue for inspiring meetings Welcome to restful and creative days in the beautiful archipelago of \u00d6sterg\u00f6tland. Conferences and meetings.The tranquility of Ark\u00f6sund allows you and your colleagues to focus on the task at hand. We&#8217;ll take care of the rest. With us, you can have a safe and secure experience, with the option [&hellip;]<\/p>\n","protected":false},"author":5,"featured_media":0,"parent":0,"menu_order":0,"comment_status":"closed","ping_status":"closed","template":"","meta":{"_acf_changed":false,"_et_pb_use_builder":"","_et_pb_old_content":"","_et_gb_content_width":"","footnotes":""},"class_list":["post-18586","page","type-page","status-publish","hentry"],"acf":[],"yoast_head":"<!-- This site is optimized with the Yoast SEO plugin v27.4 - https:\/\/yoast.com\/product\/yoast-seo-wordpress\/ -->\n<title>CONFERENCES AND EVENTS - Ark\u00f6sunds Hotell<\/title>\n<meta name=\"description\" content=\"CONFERENCES AND EVENTS. WEDDINGS. We&#039;ll take care of the party\" \/>\n<meta name=\"robots\" content=\"index, follow, max-snippet:-1, max-image-preview:large, max-video-preview:-1\" \/>\n<link rel=\"canonical\" href=\"https:\/\/arkosundshotell.se\/en\/conferences-and-events\/\" \/>\n<meta property=\"og:locale\" content=\"en_US\" \/>\n<meta property=\"og:type\" content=\"article\" \/>\n<meta property=\"og:title\" content=\"CONFERENCES AND EVENTS - Ark\u00f6sunds Hotell\" \/>\n<meta property=\"og:description\" content=\"CONFERENCES AND EVENTS. WEDDINGS. We&#039;ll take care of the party\" \/>\n<meta property=\"og:url\" content=\"https:\/\/arkosundshotell.se\/en\/conferences-and-events\/\" \/>\n<meta property=\"og:site_name\" content=\"Ark\u00f6sunds Hotell\" \/>\n<meta property=\"article:publisher\" content=\"https:\/\/www.facebook.com\/ostgotakoklinkoping\" \/>\n<meta property=\"article:modified_time\" content=\"2026-01-30T16:20:06+00:00\" \/>\n<meta property=\"og:image\" content=\"https:\/\/arkosundshotell.se\/wp-content\/uploads\/2025\/09\/langbord-stora-sallskap-arkosunds-hotell-1.jpg\" \/>\n\t<meta property=\"og:image:width\" content=\"1500\" \/>\n\t<meta property=\"og:image:height\" content=\"1000\" \/>\n\t<meta property=\"og:image:type\" content=\"image\/jpeg\" \/>\n<meta name=\"twitter:card\" content=\"summary_large_image\" \/>\n<meta name=\"twitter:label1\" content=\"Est. reading time\" \/>\n\t<meta name=\"twitter:data1\" content=\"4 minutes\" \/>\n<script type=\"application\/ld+json\" class=\"yoast-schema-graph\">{\"@context\":\"https:\\\/\\\/schema.org\",\"@graph\":[{\"@type\":\"WebPage\",\"@id\":\"https:\\\/\\\/arkosundshotell.se\\\/en\\\/conferences-and-events\\\/\",\"url\":\"https:\\\/\\\/arkosundshotell.se\\\/en\\\/conferences-and-events\\\/\",\"name\":\"CONFERENCES AND EVENTS - Ark\u00f6sunds Hotell\",\"isPartOf\":{\"@id\":\"https:\\\/\\\/arkosundshotell.se\\\/en\\\/#website\"},\"primaryImageOfPage\":{\"@id\":\"https:\\\/\\\/arkosundshotell.se\\\/en\\\/conferences-and-events\\\/#primaryimage\"},\"image\":{\"@id\":\"https:\\\/\\\/arkosundshotell.se\\\/en\\\/conferences-and-events\\\/#primaryimage\"},\"thumbnailUrl\":\"https:\\\/\\\/arkosundshotell.se\\\/wp-content\\\/uploads\\\/2025\\\/09\\\/langbord-stora-sallskap-arkosunds-hotell-1.jpg\",\"datePublished\":\"2025-09-17T06:56:57+00:00\",\"dateModified\":\"2026-01-30T16:20:06+00:00\",\"description\":\"CONFERENCES AND EVENTS. WEDDINGS. We'll take care of the party\",\"breadcrumb\":{\"@id\":\"https:\\\/\\\/arkosundshotell.se\\\/en\\\/conferences-and-events\\\/#breadcrumb\"},\"inLanguage\":\"en-US\",\"potentialAction\":[{\"@type\":\"ReadAction\",\"target\":[\"https:\\\/\\\/arkosundshotell.se\\\/en\\\/conferences-and-events\\\/\"]}]},{\"@type\":\"ImageObject\",\"inLanguage\":\"en-US\",\"@id\":\"https:\\\/\\\/arkosundshotell.se\\\/en\\\/conferences-and-events\\\/#primaryimage\",\"url\":\"https:\\\/\\\/arkosundshotell.se\\\/wp-content\\\/uploads\\\/2025\\\/09\\\/langbord-stora-sallskap-arkosunds-hotell-1.jpg\",\"contentUrl\":\"https:\\\/\\\/arkosundshotell.se\\\/wp-content\\\/uploads\\\/2025\\\/09\\\/langbord-stora-sallskap-arkosunds-hotell-1.jpg\"},{\"@type\":\"BreadcrumbList\",\"@id\":\"https:\\\/\\\/arkosundshotell.se\\\/en\\\/conferences-and-events\\\/#breadcrumb\",\"itemListElement\":[{\"@type\":\"ListItem\",\"position\":1,\"name\":\"Hem\",\"item\":\"https:\\\/\\\/arkosundshotell.se\\\/en\\\/\"},{\"@type\":\"ListItem\",\"position\":2,\"name\":\"CONFERENCES AND EVENTS\"}]},{\"@type\":\"WebSite\",\"@id\":\"https:\\\/\\\/arkosundshotell.se\\\/en\\\/#website\",\"url\":\"https:\\\/\\\/arkosundshotell.se\\\/en\\\/\",\"name\":\"Ark\u00f6sunds Hotell\",\"description\":\"En plats d\u00e4r m\u00f6ten blir minnen, firande f\u00e5r f\u00e4ste och varje stund r\u00e4knas\",\"potentialAction\":[{\"@type\":\"SearchAction\",\"target\":{\"@type\":\"EntryPoint\",\"urlTemplate\":\"https:\\\/\\\/arkosundshotell.se\\\/en\\\/?s={search_term_string}\"},\"query-input\":{\"@type\":\"PropertyValueSpecification\",\"valueRequired\":true,\"valueName\":\"search_term_string\"}}],\"inLanguage\":\"en-US\"}]}<\/script>\n<!-- \/ Yoast SEO plugin. -->","yoast_head_json":{"title":"CONFERENCES AND EVENTS - Ark\u00f6sunds Hotell","description":"CONFERENCES AND EVENTS. WEDDINGS. We'll take care of the party","robots":{"index":"index","follow":"follow","max-snippet":"max-snippet:-1","max-image-preview":"max-image-preview:large","max-video-preview":"max-video-preview:-1"},"canonical":"https:\/\/arkosundshotell.se\/en\/conferences-and-events\/","og_locale":"en_US","og_type":"article","og_title":"CONFERENCES AND EVENTS - Ark\u00f6sunds Hotell","og_description":"CONFERENCES AND EVENTS. WEDDINGS. We'll take care of the party","og_url":"https:\/\/arkosundshotell.se\/en\/conferences-and-events\/","og_site_name":"Ark\u00f6sunds Hotell","article_publisher":"https:\/\/www.facebook.com\/ostgotakoklinkoping","article_modified_time":"2026-01-30T16:20:06+00:00","og_image":[{"width":1500,"height":1000,"url":"https:\/\/arkosundshotell.se\/wp-content\/uploads\/2025\/09\/langbord-stora-sallskap-arkosunds-hotell-1.jpg","type":"image\/jpeg"}],"twitter_card":"summary_large_image","twitter_misc":{"Est. reading time":"4 minutes"},"schema":{"@context":"https:\/\/schema.org","@graph":[{"@type":"WebPage","@id":"https:\/\/arkosundshotell.se\/en\/conferences-and-events\/","url":"https:\/\/arkosundshotell.se\/en\/conferences-and-events\/","name":"CONFERENCES AND EVENTS - Ark\u00f6sunds Hotell","isPartOf":{"@id":"https:\/\/arkosundshotell.se\/en\/#website"},"primaryImageOfPage":{"@id":"https:\/\/arkosundshotell.se\/en\/conferences-and-events\/#primaryimage"},"image":{"@id":"https:\/\/arkosundshotell.se\/en\/conferences-and-events\/#primaryimage"},"thumbnailUrl":"https:\/\/arkosundshotell.se\/wp-content\/uploads\/2025\/09\/langbord-stora-sallskap-arkosunds-hotell-1.jpg","datePublished":"2025-09-17T06:56:57+00:00","dateModified":"2026-01-30T16:20:06+00:00","description":"CONFERENCES AND EVENTS. WEDDINGS. We'll take care of the party","breadcrumb":{"@id":"https:\/\/arkosundshotell.se\/en\/conferences-and-events\/#breadcrumb"},"inLanguage":"en-US","potentialAction":[{"@type":"ReadAction","target":["https:\/\/arkosundshotell.se\/en\/conferences-and-events\/"]}]},{"@type":"ImageObject","inLanguage":"en-US","@id":"https:\/\/arkosundshotell.se\/en\/conferences-and-events\/#primaryimage","url":"https:\/\/arkosundshotell.se\/wp-content\/uploads\/2025\/09\/langbord-stora-sallskap-arkosunds-hotell-1.jpg","contentUrl":"https:\/\/arkosundshotell.se\/wp-content\/uploads\/2025\/09\/langbord-stora-sallskap-arkosunds-hotell-1.jpg"},{"@type":"BreadcrumbList","@id":"https:\/\/arkosundshotell.se\/en\/conferences-and-events\/#breadcrumb","itemListElement":[{"@type":"ListItem","position":1,"name":"Hem","item":"https:\/\/arkosundshotell.se\/en\/"},{"@type":"ListItem","position":2,"name":"CONFERENCES AND EVENTS"}]},{"@type":"WebSite","@id":"https:\/\/arkosundshotell.se\/en\/#website","url":"https:\/\/arkosundshotell.se\/en\/","name":"Ark\u00f6sunds Hotell","description":"En plats d\u00e4r m\u00f6ten blir minnen, firande f\u00e5r f\u00e4ste och varje stund r\u00e4knas","potentialAction":[{"@type":"SearchAction","target":{"@type":"EntryPoint","urlTemplate":"https:\/\/arkosundshotell.se\/en\/?s={search_term_string}"},"query-input":{"@type":"PropertyValueSpecification","valueRequired":true,"valueName":"search_term_string"}}],"inLanguage":"en-US"}]}},"_links":{"self":[{"href":"https:\/\/arkosundshotell.se\/en\/wp-json\/wp\/v2\/pages\/18586","targetHints":{"allow":["GET"]}}],"collection":[{"href":"https:\/\/arkosundshotell.se\/en\/wp-json\/wp\/v2\/pages"}],"about":[{"href":"https:\/\/arkosundshotell.se\/en\/wp-json\/wp\/v2\/types\/page"}],"author":[{"embeddable":true,"href":"https:\/\/arkosundshotell.se\/en\/wp-json\/wp\/v2\/users\/5"}],"replies":[{"embeddable":true,"href":"https:\/\/arkosundshotell.se\/en\/wp-json\/wp\/v2\/comments?post=18586"}],"version-history":[{"count":6,"href":"https:\/\/arkosundshotell.se\/en\/wp-json\/wp\/v2\/pages\/18586\/revisions"}],"predecessor-version":[{"id":18596,"href":"https:\/\/arkosundshotell.se\/en\/wp-json\/wp\/v2\/pages\/18586\/revisions\/18596"}],"wp:attachment":[{"href":"https:\/\/arkosundshotell.se\/en\/wp-json\/wp\/v2\/media?parent=18586"}],"curies":[{"name":"wp","href":"https:\/\/api.w.org\/{rel}","templated":true}]}}