{"id":18847,"date":"2026-03-02T18:29:46","date_gmt":"2026-03-02T17:29:46","guid":{"rendered":"https:\/\/arkosundshotell.se\/?page_id=18847"},"modified":"2026-03-02T18:29:46","modified_gmt":"2026-03-02T17:29:46","slug":"about-us-2","status":"publish","type":"page","link":"https:\/\/arkosundshotell.se\/en\/about-us-2\/","title":{"rendered":"ABOUT US"},"content":{"rendered":"\n<div class=\"wp-block-cover is-light wpa-page-cover\"><img loading=\"lazy\" decoding=\"async\" width=\"2560\" height=\"1707\" class=\"wp-block-cover__image-background wp-image-10120 size-full\" alt=\"\" src=\"https:\/\/arkosundshotell.se\/wp-content\/uploads\/2025\/09\/081_foto-Juliana-Falldin-1-scaled.jpg\" data-object-fit=\"cover\" srcset=\"https:\/\/arkosundshotell.se\/wp-content\/uploads\/2025\/09\/081_foto-Juliana-Falldin-1-scaled.jpg 2560w, https:\/\/arkosundshotell.se\/wp-content\/uploads\/2025\/09\/081_foto-Juliana-Falldin-1-1280x854.jpg 1280w, https:\/\/arkosundshotell.se\/wp-content\/uploads\/2025\/09\/081_foto-Juliana-Falldin-1-980x653.jpg 980w, https:\/\/arkosundshotell.se\/wp-content\/uploads\/2025\/09\/081_foto-Juliana-Falldin-1-480x320.jpg 480w\" sizes=\"(min-width: 0px) and (max-width: 480px) 480px, (min-width: 481px) and (max-width: 980px) 980px, (min-width: 981px) and (max-width: 1280px) 1280px, (min-width: 1281px) 2560px, 100vw\" \/><span aria-hidden=\"true\" class=\"wp-block-cover__background has-background-dim\" style=\"background-color:#8b897d\"><\/span><div class=\"wp-block-cover__inner-container is-layout-constrained wp-block-cover-is-layout-constrained\">\n<h1 class=\"wp-block-heading has-text-align-center wpa-pagetitle has-white-color has-text-color has-link-color has-x-large-font-size wp-elements-1c414e0905c4e5a1cf3325b69e731fd0\">ARK\u00d6SUND<\/h1>\n<\/div><\/div>\n\n<div class=\"wp-block-group wpa-simpletexts-row is-layout-constrained wp-block-group-is-layout-constrained\">\n<h2 class=\"wp-block-heading has-text-align-center\">Kom och upplev ARK\u00d6SUND i \u00d6sterg\u00f6tlands sk\u00e4rg\u00e5rd<\/h2>\n\n\n\n<p class=\"has-text-align-center has-small-font-size\">Ark\u00f6sunds Hotell \u2013 newly built but with 130 years of history in its walls.<\/p>\n\n\n\n<p class=\"has-text-align-left has-medium-font-size\"><strong>We are now open all year round, so you can enjoy the archipelago in all seasons.<\/strong><\/p>\n\n\n\n<p class=\"has-text-align-left has-small-font-size\">With us, every moment counts \u2013 whether you come to work, celebrate, or just relax. We believe in the power of the personal touch, in the details, in experiences that linger; with a mild sea breeze that cools after a warm day, or a warm fire inside after a stormy day with foaming seas. In June 2025, we reopened after our extensive renovation and expansion, ready to create experiences, memories, and enjoyable dining experiences \u2013 all months of the year. But our beautiful building has stood proudly since the turn of the century.    <br\/><br\/>It began with plans for a deep-sea port and a railway out to the small fishing community of Ark\u00f6sund. But the future caught up \u2013 the steam engine took over, the port plans fell through, and instead, a summer idyll was born. Here, at the outermost edge of the archipelago, a recreational resort was created for the city&#8217;s manufacturers and socialites. Villas designed by Verner Northun sprung up, people bathed in the cold bathhouse, and socialized in the restaurant on Kvarnberget.   <\/p>\n\n\n\n<p>The hotel opened in 1895 with 13 rooms, tiled stoves, and kerosene lamps. Here, Miss Signe Borg served her special suppers to whiskey-drinking gentlemen and sherry-sipping ladies \u2013 something we know thanks to her preserved accounting. The guests were then, as now, called &#8220;bathing guests,&#8221; and for many decades Ark\u00f6sund teemed with life. Even royalty has passed through \u2013 their names are inscribed on the stone behind the hotel.   <\/p>\n\n\n\n<p class=\"has-text-align-left has-small-font-size\">Sedan 2016 \u00e4r det vi p\u00e5 \u00d6stg\u00f6ta K\u00f6k som med stolthet f\u00f6rvaltar hotellets arv. V\u00e5r filosofi har alltid varit enkel: laga fantastisk mat fr\u00e5n grunden, med k\u00e4rlek och med riktigt bra\u00a0r\u00e5varor och s\u00e5 mycket som m\u00f6jligt fr\u00e5n den \u00f6stg\u00f6tska myllan.<br\/>Vi vill skapa en levande plats d\u00e4r historia m\u00f6ter framtid \u2013 d\u00e4r m\u00f6ten blir minnen och varje stund r\u00e4knas.<\/p>\n\n\n\n<p class=\"has-text-align-left has-small-font-size\"><strong>I v\u00e5rt vackra sekelskifteshus bel\u00e4get precis vid vattnet i hj\u00e4rtat av den \u00f6stg\u00f6tska sk\u00e4rg\u00e5rden d\u00e4r vi med\u00a0 klassisk sk\u00e4rg\u00e5rds romantik och modern komfort erbjuder m\u00f6jligheter till lyckade m\u00f6ten med kollegor, v\u00e4nner eller din k\u00e4resta. Berikade av v\u00e5ra fina samarbetspartners erbjuder vi turer ut i sk\u00e4rg\u00e5rden, matlagningsaktiviteter, vinprovningar, f\u00f6rel\u00e4sningar, tr\u00e4nings \u2013 och wellnessupplevelser, musik \u2013 och konst. Dessutom\u00a0 skapar vi\u00a0 njutbara middagar med kock-kollegor eller r\u00e5varor som g\u00e4star v\u00e5rt k\u00f6k .<\/strong><\/p>\n\n\n\n<div style=\"height:110px\" aria-hidden=\"true\" class=\"wp-block-spacer\"><\/div>\n\n\n\n<p class=\"has-text-align-center has-medium-font-size\"><strong>Discover and Experience ARK\u00d6SUND<\/strong><\/p>\n<\/div>\n\n<div style=\"height:35px\" aria-hidden=\"true\" class=\"wp-block-spacer\"><\/div>\n\n<div class=\"wp-block-group wpa-mediatext is-layout-constrained wp-block-group-is-layout-constrained\">\n<div class=\"wp-block-group wpa-mediatext-media is-layout-constrained wp-block-group-is-layout-constrained\">\n<figure class=\"wp-block-image size-large\"><img loading=\"lazy\" decoding=\"async\" width=\"1024\" height=\"682\" src=\"https:\/\/arkosundshotell.se\/wp-content\/uploads\/2025\/09\/135_foto-Juliana-Falldin-1-1024x682.jpg\" alt=\"\" class=\"wp-image-10450\" srcset=\"https:\/\/arkosundshotell.se\/wp-content\/uploads\/2025\/09\/135_foto-Juliana-Falldin-1-980x653.jpg 980w, https:\/\/arkosundshotell.se\/wp-content\/uploads\/2025\/09\/135_foto-Juliana-Falldin-1-480x320.jpg 480w\" sizes=\"(min-width: 0px) and (max-width: 480px) 480px, (min-width: 481px) and (max-width: 980px) 980px, (min-width: 981px) 1024px, 100vw\" \/><\/figure>\n\n\n\n<figure class=\"wp-block-image size-large\"><img loading=\"lazy\" decoding=\"async\" width=\"1024\" height=\"683\" src=\"https:\/\/arkosundshotell.se\/wp-content\/uploads\/2025\/09\/098_foto-Juliana-Falldin-1024x683.jpg\" alt=\"\" class=\"wp-image-10215\" srcset=\"https:\/\/arkosundshotell.se\/wp-content\/uploads\/2025\/09\/098_foto-Juliana-Falldin-980x653.jpg 980w, https:\/\/arkosundshotell.se\/wp-content\/uploads\/2025\/09\/098_foto-Juliana-Falldin-480x320.jpg 480w\" sizes=\"(min-width: 0px) and (max-width: 480px) 480px, (min-width: 481px) and (max-width: 980px) 980px, (min-width: 981px) 1024px, 100vw\" \/><\/figure>\n<\/div>\n\n\n\n<div class=\"wp-block-group wpa-mediatext-textual-container is-layout-constrained wp-block-group-is-layout-constrained\">\n<p class=\"has-small-font-size\">With us, there is always something to experience. Start the day with a dip in the sea. Enjoy sun-kissed rocks and the cooler winds of autumn.<br\/>Discover the archipelago by kayak or boat. Wander along the harbor, and when evening comes, bathing and sauna, good food and quiet moments await.   <\/p>\n\n\n\n<p class=\"has-small-font-size\"><\/p>\n<\/div>\n<\/div>\n\n<div style=\"height:110px\" aria-hidden=\"true\" class=\"wp-block-spacer\"><\/div>\n\n<h2 class=\"wp-block-heading has-text-align-center wpa-gps-heading\">A home by the sea <strong>58\u00b0 29&#8242; 25&#8243; N, 16\u00b0 56&#8242; 10&#8243; \u00d6<\/strong><\/h2>\n\n<div style=\"height:110px\" aria-hidden=\"true\" class=\"wp-block-spacer\"><\/div>\n\n<div class=\"wp-block-group wpa-synteticinsta-gallery is-layout-constrained wp-block-group-is-layout-constrained\">\n<figure class=\"wp-block-image size-large\"><img loading=\"lazy\" decoding=\"async\" width=\"1024\" height=\"682\" src=\"https:\/\/arkosundshotell.se\/wp-content\/uploads\/2025\/09\/023_foto-Juliana-Falldin-1024x682.jpg\" alt=\"\" class=\"wp-image-10436\" srcset=\"https:\/\/arkosundshotell.se\/wp-content\/uploads\/2025\/09\/023_foto-Juliana-Falldin-980x653.jpg 980w, https:\/\/arkosundshotell.se\/wp-content\/uploads\/2025\/09\/023_foto-Juliana-Falldin-480x320.jpg 480w\" sizes=\"(min-width: 0px) and (max-width: 480px) 480px, (min-width: 481px) and (max-width: 980px) 980px, (min-width: 981px) 1024px, 100vw\" \/><\/figure>\n\n\n\n<figure class=\"wp-block-image size-large\"><img loading=\"lazy\" decoding=\"async\" width=\"1024\" height=\"682\" src=\"https:\/\/arkosundshotell.se\/wp-content\/uploads\/2025\/09\/097_foto-Juliana-Falldin-1-1024x682.jpg\" alt=\"\" class=\"wp-image-10437\" srcset=\"https:\/\/arkosundshotell.se\/wp-content\/uploads\/2025\/09\/097_foto-Juliana-Falldin-1-980x653.jpg 980w, https:\/\/arkosundshotell.se\/wp-content\/uploads\/2025\/09\/097_foto-Juliana-Falldin-1-480x320.jpg 480w\" sizes=\"(min-width: 0px) and (max-width: 480px) 480px, (min-width: 481px) and (max-width: 980px) 980px, (min-width: 981px) 1024px, 100vw\" \/><\/figure>\n\n\n\n<figure class=\"wp-block-image size-large\"><img loading=\"lazy\" decoding=\"async\" width=\"1024\" height=\"682\" src=\"https:\/\/arkosundshotell.se\/wp-content\/uploads\/2025\/09\/512_foto-Juliana-Falldin-1024x682.jpg\" alt=\"\" class=\"wp-image-10451\" srcset=\"https:\/\/arkosundshotell.se\/wp-content\/uploads\/2025\/09\/512_foto-Juliana-Falldin-980x653.jpg 980w, https:\/\/arkosundshotell.se\/wp-content\/uploads\/2025\/09\/512_foto-Juliana-Falldin-480x320.jpg 480w\" sizes=\"(min-width: 0px) and (max-width: 480px) 480px, (min-width: 481px) and (max-width: 980px) 980px, (min-width: 981px) 1024px, 100vw\" \/><\/figure>\n\n\n\n<figure class=\"wp-block-image size-large\"><img loading=\"lazy\" decoding=\"async\" width=\"1024\" height=\"682\" src=\"https:\/\/arkosundshotell.se\/wp-content\/uploads\/2025\/09\/336_foto-Juliana-Falldin-1024x682.jpg\" alt=\"\" class=\"wp-image-10439\" srcset=\"https:\/\/arkosundshotell.se\/wp-content\/uploads\/2025\/09\/336_foto-Juliana-Falldin-980x653.jpg 980w, https:\/\/arkosundshotell.se\/wp-content\/uploads\/2025\/09\/336_foto-Juliana-Falldin-480x320.jpg 480w\" sizes=\"(min-width: 0px) and (max-width: 480px) 480px, (min-width: 481px) and (max-width: 980px) 980px, (min-width: 981px) 1024px, 100vw\" \/><\/figure>\n\n\n\n<figure class=\"wp-block-image size-large\"><img loading=\"lazy\" decoding=\"async\" width=\"1024\" height=\"682\" src=\"https:\/\/arkosundshotell.se\/wp-content\/uploads\/2025\/09\/093_foto-Juliana-Falldin-1024x682.jpg\" alt=\"\" class=\"wp-image-10458\" srcset=\"https:\/\/arkosundshotell.se\/wp-content\/uploads\/2025\/09\/093_foto-Juliana-Falldin-980x653.jpg 980w, https:\/\/arkosundshotell.se\/wp-content\/uploads\/2025\/09\/093_foto-Juliana-Falldin-480x320.jpg 480w\" sizes=\"(min-width: 0px) and (max-width: 480px) 480px, (min-width: 481px) and (max-width: 980px) 980px, (min-width: 981px) 1024px, 100vw\" \/><\/figure>\n\n\n\n<figure class=\"wp-block-image size-large\"><img loading=\"lazy\" decoding=\"async\" width=\"1024\" height=\"682\" src=\"https:\/\/arkosundshotell.se\/wp-content\/uploads\/2025\/09\/532_foto-Juliana-Falldin-1024x682.jpg\" alt=\"\" class=\"wp-image-10459\" srcset=\"https:\/\/arkosundshotell.se\/wp-content\/uploads\/2025\/09\/532_foto-Juliana-Falldin-980x653.jpg 980w, https:\/\/arkosundshotell.se\/wp-content\/uploads\/2025\/09\/532_foto-Juliana-Falldin-480x320.jpg 480w\" sizes=\"(min-width: 0px) and (max-width: 480px) 480px, (min-width: 481px) and (max-width: 980px) 980px, (min-width: 981px) 1024px, 100vw\" \/><\/figure>\n\n\n\n<figure class=\"wp-block-image size-large\"><img loading=\"lazy\" decoding=\"async\" width=\"1024\" height=\"682\" src=\"https:\/\/arkosundshotell.se\/wp-content\/uploads\/2025\/09\/169_foto-Juliana-Falldin-1024x682.jpg\" alt=\"\" class=\"wp-image-10442\" srcset=\"https:\/\/arkosundshotell.se\/wp-content\/uploads\/2025\/09\/169_foto-Juliana-Falldin-980x653.jpg 980w, https:\/\/arkosundshotell.se\/wp-content\/uploads\/2025\/09\/169_foto-Juliana-Falldin-480x320.jpg 480w\" sizes=\"(min-width: 0px) and (max-width: 480px) 480px, (min-width: 481px) and (max-width: 980px) 980px, (min-width: 981px) 1024px, 100vw\" \/><\/figure>\n\n\n\n<figure class=\"wp-block-image size-large\"><img loading=\"lazy\" decoding=\"async\" width=\"1024\" height=\"682\" src=\"https:\/\/arkosundshotell.se\/wp-content\/uploads\/2025\/09\/517_foto-Juliana-Falldin-1024x682.jpg\" alt=\"\" class=\"wp-image-10443\" srcset=\"https:\/\/arkosundshotell.se\/wp-content\/uploads\/2025\/09\/517_foto-Juliana-Falldin-980x653.jpg 980w, https:\/\/arkosundshotell.se\/wp-content\/uploads\/2025\/09\/517_foto-Juliana-Falldin-480x320.jpg 480w\" sizes=\"(min-width: 0px) and (max-width: 480px) 480px, (min-width: 481px) and (max-width: 980px) 980px, (min-width: 981px) 1024px, 100vw\" \/><\/figure>\n\n\n\n<figure class=\"wp-block-image size-large\"><img loading=\"lazy\" decoding=\"async\" width=\"1024\" height=\"682\" src=\"https:\/\/arkosundshotell.se\/wp-content\/uploads\/2025\/09\/179_foto-Juliana-Falldin-1024x682.jpg\" alt=\"\" class=\"wp-image-10462\" srcset=\"https:\/\/arkosundshotell.se\/wp-content\/uploads\/2025\/09\/179_foto-Juliana-Falldin-980x653.jpg 980w, https:\/\/arkosundshotell.se\/wp-content\/uploads\/2025\/09\/179_foto-Juliana-Falldin-480x320.jpg 480w\" sizes=\"(min-width: 0px) and (max-width: 480px) 480px, (min-width: 481px) and (max-width: 980px) 980px, (min-width: 981px) 1024px, 100vw\" \/><\/figure>\n\n\n\n<figure class=\"wp-block-image size-large\"><img loading=\"lazy\" decoding=\"async\" width=\"1024\" height=\"682\" src=\"https:\/\/arkosundshotell.se\/wp-content\/uploads\/2025\/09\/262_foto-Juliana-Falldin-1-1024x682.jpg\" alt=\"\" class=\"wp-image-10461\" srcset=\"https:\/\/arkosundshotell.se\/wp-content\/uploads\/2025\/09\/262_foto-Juliana-Falldin-1-980x653.jpg 980w, https:\/\/arkosundshotell.se\/wp-content\/uploads\/2025\/09\/262_foto-Juliana-Falldin-1-480x320.jpg 480w\" sizes=\"(min-width: 0px) and (max-width: 480px) 480px, (min-width: 481px) and (max-width: 980px) 980px, (min-width: 981px) 1024px, 100vw\" \/><\/figure>\n<\/div>\n\n<div style=\"height:110px\" aria-hidden=\"true\" class=\"wp-block-spacer\"><\/div>\n\n<div class=\"wp-block-group wpa-newsletter is-layout-constrained wp-block-group-is-layout-constrained\">\n<div class=\"wp-block-group is-layout-constrained wp-block-group-is-layout-constrained\">\n<div class=\"wp-block-group is-layout-constrained wp-block-group-is-layout-constrained\">\n<h2 class=\"wp-block-heading\">Become part of our family<\/h2>\n\n\n\n<p>Get inspiration and delicious offers from Ark\u00f6sunds Hotell and \u00d6stg\u00f6ta K\u00f6k<\/p>\n<\/div>\n<\/div>\n\n\n\n<div class=\"wp-block-group is-layout-constrained wp-block-group-is-layout-constrained\">\n<div id=\"mc_embed_shell\">\n      <link href=\"\/\/cdn-images.mailchimp.com\/embedcode\/classic-061523.css\" rel=\"stylesheet\" type=\"text\/css\"\/>\n  <style type=\"text\/css\">\n        #mc_embed_signup{background:#fff; false;clear:left; font:14px Helvetica,Arial,sans-serif; width: 600px;}\n<\/style>\n<div id=\"mc_embed_signup\">\n    <form action=\"https:\/\/ostgotakok.us17.list-manage.com\/subscribe\/post?u=6ee6b13ac31363bc2e7157999&#038;id=6adb48764a&#038;f_id=00152ae3f0\" method=\"post\" id=\"mc-embedded-subscribe-form\" name=\"mc-embedded-subscribe-form\" class=\"validate\" target=\"_blank\">\n        <div id=\"mc_embed_signup_scroll\"><h2><\/h2>\n            <div class=\"indicates-required\"><span class=\"asterisk\">*<\/span> required<\/div>\n            <div class=\"mc-field-group\"><label for=\"mce-EMAIL\">Enter e-mail address <span class=\"asterisk\">*<\/span><\/label><input type=\"email\" name=\"EMAIL\" class=\"required email\" id=\"mce-EMAIL\" required=\"\" value=\"\"\/><span id=\"mce-EMAIL-HELPERTEXT\" class=\"helper_text\">Your e-mail address<\/span><\/div>\n        <div id=\"mce-responses\" class=\"clear\">\n            <div class=\"response\" id=\"mce-error-response\" style=\"display: none;\"><\/div>\n            <div class=\"response\" id=\"mce-success-response\" style=\"display: none;\"><\/div>\n        <\/div><div style=\"position: absolute; left: -5000px;\" aria-hidden=\"true\"><input type=\"text\" name=\"b_6ee6b13ac31363bc2e7157999_6adb48764a\" tabindex=\"-1\" value=\"\"\/><\/div><div class=\"clear\"><input type=\"submit\" name=\"subscribe\" id=\"mc-embedded-subscribe\" class=\"button\" value=\"Yes, please!\"\/><\/div><div>By clicking &#8220;Yes, please,&#8221; you agree to us sending marketing to you. <br\/>You can choose to no longer receive our mailings at any time.<\/div>\n    <\/div>\n<\/form>\n<\/div>\n<script type=\"text\/javascript\" src=\"\/\/s3.amazonaws.com\/downloads.mailchimp.com\/js\/mc-validate.js\"><\/script><script type=\"text\/javascript\">(function($) {window.fnames = new Array(); window.ftypes = new Array();fnames[0]='EMAIL';ftypes[0]='email';}(jQuery));var $mcj = jQuery.noConflict(true);<\/script><\/div>\n<\/div>\n<\/div>\n\n\r\n<p><style type=\"text\/css\">\r\nbody.page { background-color: #ebefdf; } \r\n<\/style><\/p>\r\n","protected":false},"excerpt":{"rendered":"<p>Kom och upplev ARK\u00d6SUND i \u00d6sterg\u00f6tlands sk\u00e4rg\u00e5rd Ark\u00f6sunds Hotell \u2013 newly built but with 130 years of history in its walls. We are now open all year round, so you can enjoy the archipelago in all seasons. With us, every moment counts \u2013 whether you come to work, celebrate, or just relax. We believe in [&hellip;]<\/p>\n","protected":false},"author":15,"featured_media":0,"parent":0,"menu_order":0,"comment_status":"closed","ping_status":"closed","template":"","meta":{"_acf_changed":false,"_et_pb_use_builder":"","_et_pb_old_content":"","_et_gb_content_width":"","footnotes":""},"class_list":["post-18847","page","type-page","status-publish","hentry"],"acf":[],"yoast_head":"<!-- This site is optimized with the Yoast SEO plugin v27.4 - https:\/\/yoast.com\/product\/yoast-seo-wordpress\/ -->\n<title>ABOUT US - Ark\u00f6sunds Hotell<\/title>\n<meta name=\"robots\" content=\"index, follow, max-snippet:-1, max-image-preview:large, max-video-preview:-1\" \/>\n<link rel=\"canonical\" href=\"https:\/\/arkosundshotell.se\/en\/about-us-2\/\" \/>\n<meta property=\"og:locale\" content=\"en_US\" \/>\n<meta property=\"og:type\" content=\"article\" \/>\n<meta property=\"og:title\" content=\"ABOUT US - Ark\u00f6sunds Hotell\" \/>\n<meta property=\"og:description\" content=\"Kom och upplev ARK\u00d6SUND i \u00d6sterg\u00f6tlands sk\u00e4rg\u00e5rd Ark\u00f6sunds Hotell \u2013 newly built but with 130 years of history in its walls. We are now open all year round, so you can enjoy the archipelago in all seasons. With us, every moment counts \u2013 whether you come to work, celebrate, or just relax. We believe in [&hellip;]\" \/>\n<meta property=\"og:url\" content=\"https:\/\/arkosundshotell.se\/en\/about-us-2\/\" \/>\n<meta property=\"og:site_name\" content=\"Ark\u00f6sunds Hotell\" \/>\n<meta property=\"article:publisher\" content=\"https:\/\/www.facebook.com\/ostgotakoklinkoping\" \/>\n<meta property=\"og:image\" content=\"https:\/\/arkosundshotell.se\/wp-content\/uploads\/2025\/09\/081_foto-Juliana-Falldin-1-scaled.jpg\" \/>\n\t<meta property=\"og:image:width\" content=\"2560\" \/>\n\t<meta property=\"og:image:height\" content=\"1707\" \/>\n\t<meta property=\"og:image:type\" content=\"image\/jpeg\" \/>\n<meta name=\"twitter:card\" content=\"summary_large_image\" \/>\n<meta name=\"twitter:label1\" content=\"Est. reading time\" \/>\n\t<meta name=\"twitter:data1\" content=\"3 minutes\" \/>\n<script type=\"application\/ld+json\" class=\"yoast-schema-graph\">{\"@context\":\"https:\\\/\\\/schema.org\",\"@graph\":[{\"@type\":\"WebPage\",\"@id\":\"https:\\\/\\\/arkosundshotell.se\\\/en\\\/about-us-2\\\/\",\"url\":\"https:\\\/\\\/arkosundshotell.se\\\/en\\\/about-us-2\\\/\",\"name\":\"ABOUT US - Ark\u00f6sunds Hotell\",\"isPartOf\":{\"@id\":\"https:\\\/\\\/arkosundshotell.se\\\/en\\\/#website\"},\"primaryImageOfPage\":{\"@id\":\"https:\\\/\\\/arkosundshotell.se\\\/en\\\/about-us-2\\\/#primaryimage\"},\"image\":{\"@id\":\"https:\\\/\\\/arkosundshotell.se\\\/en\\\/about-us-2\\\/#primaryimage\"},\"thumbnailUrl\":\"https:\\\/\\\/arkosundshotell.se\\\/wp-content\\\/uploads\\\/2025\\\/09\\\/081_foto-Juliana-Falldin-1-scaled.jpg\",\"datePublished\":\"2026-03-02T17:29:46+00:00\",\"breadcrumb\":{\"@id\":\"https:\\\/\\\/arkosundshotell.se\\\/en\\\/about-us-2\\\/#breadcrumb\"},\"inLanguage\":\"en-US\",\"potentialAction\":[{\"@type\":\"ReadAction\",\"target\":[\"https:\\\/\\\/arkosundshotell.se\\\/en\\\/about-us-2\\\/\"]}]},{\"@type\":\"ImageObject\",\"inLanguage\":\"en-US\",\"@id\":\"https:\\\/\\\/arkosundshotell.se\\\/en\\\/about-us-2\\\/#primaryimage\",\"url\":\"https:\\\/\\\/arkosundshotell.se\\\/wp-content\\\/uploads\\\/2025\\\/09\\\/081_foto-Juliana-Falldin-1-scaled.jpg\",\"contentUrl\":\"https:\\\/\\\/arkosundshotell.se\\\/wp-content\\\/uploads\\\/2025\\\/09\\\/081_foto-Juliana-Falldin-1-scaled.jpg\"},{\"@type\":\"BreadcrumbList\",\"@id\":\"https:\\\/\\\/arkosundshotell.se\\\/en\\\/about-us-2\\\/#breadcrumb\",\"itemListElement\":[{\"@type\":\"ListItem\",\"position\":1,\"name\":\"Hem\",\"item\":\"https:\\\/\\\/arkosundshotell.se\\\/en\\\/\"},{\"@type\":\"ListItem\",\"position\":2,\"name\":\"ABOUT US\"}]},{\"@type\":\"WebSite\",\"@id\":\"https:\\\/\\\/arkosundshotell.se\\\/en\\\/#website\",\"url\":\"https:\\\/\\\/arkosundshotell.se\\\/en\\\/\",\"name\":\"Ark\u00f6sunds Hotell\",\"description\":\"En plats d\u00e4r m\u00f6ten blir minnen, firande f\u00e5r f\u00e4ste och varje stund r\u00e4knas\",\"potentialAction\":[{\"@type\":\"SearchAction\",\"target\":{\"@type\":\"EntryPoint\",\"urlTemplate\":\"https:\\\/\\\/arkosundshotell.se\\\/en\\\/?s={search_term_string}\"},\"query-input\":{\"@type\":\"PropertyValueSpecification\",\"valueRequired\":true,\"valueName\":\"search_term_string\"}}],\"inLanguage\":\"en-US\"}]}<\/script>\n<!-- \/ Yoast SEO plugin. -->","yoast_head_json":{"title":"ABOUT US - Ark\u00f6sunds Hotell","robots":{"index":"index","follow":"follow","max-snippet":"max-snippet:-1","max-image-preview":"max-image-preview:large","max-video-preview":"max-video-preview:-1"},"canonical":"https:\/\/arkosundshotell.se\/en\/about-us-2\/","og_locale":"en_US","og_type":"article","og_title":"ABOUT US - Ark\u00f6sunds Hotell","og_description":"Kom och upplev ARK\u00d6SUND i \u00d6sterg\u00f6tlands sk\u00e4rg\u00e5rd Ark\u00f6sunds Hotell \u2013 newly built but with 130 years of history in its walls. We are now open all year round, so you can enjoy the archipelago in all seasons. With us, every moment counts \u2013 whether you come to work, celebrate, or just relax. We believe in [&hellip;]","og_url":"https:\/\/arkosundshotell.se\/en\/about-us-2\/","og_site_name":"Ark\u00f6sunds Hotell","article_publisher":"https:\/\/www.facebook.com\/ostgotakoklinkoping","og_image":[{"width":2560,"height":1707,"url":"https:\/\/arkosundshotell.se\/wp-content\/uploads\/2025\/09\/081_foto-Juliana-Falldin-1-scaled.jpg","type":"image\/jpeg"}],"twitter_card":"summary_large_image","twitter_misc":{"Est. reading time":"3 minutes"},"schema":{"@context":"https:\/\/schema.org","@graph":[{"@type":"WebPage","@id":"https:\/\/arkosundshotell.se\/en\/about-us-2\/","url":"https:\/\/arkosundshotell.se\/en\/about-us-2\/","name":"ABOUT US - Ark\u00f6sunds Hotell","isPartOf":{"@id":"https:\/\/arkosundshotell.se\/en\/#website"},"primaryImageOfPage":{"@id":"https:\/\/arkosundshotell.se\/en\/about-us-2\/#primaryimage"},"image":{"@id":"https:\/\/arkosundshotell.se\/en\/about-us-2\/#primaryimage"},"thumbnailUrl":"https:\/\/arkosundshotell.se\/wp-content\/uploads\/2025\/09\/081_foto-Juliana-Falldin-1-scaled.jpg","datePublished":"2026-03-02T17:29:46+00:00","breadcrumb":{"@id":"https:\/\/arkosundshotell.se\/en\/about-us-2\/#breadcrumb"},"inLanguage":"en-US","potentialAction":[{"@type":"ReadAction","target":["https:\/\/arkosundshotell.se\/en\/about-us-2\/"]}]},{"@type":"ImageObject","inLanguage":"en-US","@id":"https:\/\/arkosundshotell.se\/en\/about-us-2\/#primaryimage","url":"https:\/\/arkosundshotell.se\/wp-content\/uploads\/2025\/09\/081_foto-Juliana-Falldin-1-scaled.jpg","contentUrl":"https:\/\/arkosundshotell.se\/wp-content\/uploads\/2025\/09\/081_foto-Juliana-Falldin-1-scaled.jpg"},{"@type":"BreadcrumbList","@id":"https:\/\/arkosundshotell.se\/en\/about-us-2\/#breadcrumb","itemListElement":[{"@type":"ListItem","position":1,"name":"Hem","item":"https:\/\/arkosundshotell.se\/en\/"},{"@type":"ListItem","position":2,"name":"ABOUT US"}]},{"@type":"WebSite","@id":"https:\/\/arkosundshotell.se\/en\/#website","url":"https:\/\/arkosundshotell.se\/en\/","name":"Ark\u00f6sunds Hotell","description":"En plats d\u00e4r m\u00f6ten blir minnen, firande f\u00e5r f\u00e4ste och varje stund r\u00e4knas","potentialAction":[{"@type":"SearchAction","target":{"@type":"EntryPoint","urlTemplate":"https:\/\/arkosundshotell.se\/en\/?s={search_term_string}"},"query-input":{"@type":"PropertyValueSpecification","valueRequired":true,"valueName":"search_term_string"}}],"inLanguage":"en-US"}]}},"_links":{"self":[{"href":"https:\/\/arkosundshotell.se\/en\/wp-json\/wp\/v2\/pages\/18847","targetHints":{"allow":["GET"]}}],"collection":[{"href":"https:\/\/arkosundshotell.se\/en\/wp-json\/wp\/v2\/pages"}],"about":[{"href":"https:\/\/arkosundshotell.se\/en\/wp-json\/wp\/v2\/types\/page"}],"author":[{"embeddable":true,"href":"https:\/\/arkosundshotell.se\/en\/wp-json\/wp\/v2\/users\/15"}],"replies":[{"embeddable":true,"href":"https:\/\/arkosundshotell.se\/en\/wp-json\/wp\/v2\/comments?post=18847"}],"version-history":[{"count":1,"href":"https:\/\/arkosundshotell.se\/en\/wp-json\/wp\/v2\/pages\/18847\/revisions"}],"predecessor-version":[{"id":18848,"href":"https:\/\/arkosundshotell.se\/en\/wp-json\/wp\/v2\/pages\/18847\/revisions\/18848"}],"wp:attachment":[{"href":"https:\/\/arkosundshotell.se\/en\/wp-json\/wp\/v2\/media?parent=18847"}],"curies":[{"name":"wp","href":"https:\/\/api.w.org\/{rel}","templated":true}]}}